{"id":39,"date":"2026-02-07T16:06:07","date_gmt":"2026-02-07T16:06:07","guid":{"rendered":"http:\/\/rmdgconsulting.fr\/?page_id=39"},"modified":"2026-02-17T14:26:42","modified_gmt":"2026-02-17T14:26:42","slug":"nos-activites","status":"publish","type":"page","link":"http:\/\/rmdgconsulting.fr\/?page_id=39","title":{"rendered":"NOTRE VISION, NOTRE PROMESSE"},"content":{"rendered":"\n<p><br>&nbsp;<\/p>\n\n\n\n<div data-wp-context=\"{ &quot;autoclose&quot;: false, &quot;accordionItems&quot;: [] }\" data-wp-interactive=\"core\/accordion\" role=\"group\" class=\"wp-block-accordion is-layout-flow wp-block-accordion-is-layout-flow\">\n<div data-wp-class--is-open=\"state.isOpen\" data-wp-context=\"{ &quot;id&quot;: &quot;accordion-item-1&quot;, &quot;openByDefault&quot;: false }\" data-wp-init=\"callbacks.initAccordionItems\" data-wp-on-window--hashchange=\"callbacks.hashChange\" class=\"wp-block-accordion-item is-layout-flow wp-block-accordion-item-is-layout-flow\">\n<h3 class=\"wp-block-accordion-heading\"><button aria-expanded=\"false\" aria-controls=\"accordion-item-1-panel\" data-wp-bind--aria-expanded=\"state.isOpen\" data-wp-on--click=\"actions.toggle\" data-wp-on--keydown=\"actions.handleKeyDown\" id=\"accordion-item-1\" type=\"button\" class=\"wp-block-accordion-heading__toggle\"><span class=\"wp-block-accordion-heading__toggle-title\">Proximit\u00e9 et service<\/span><span class=\"wp-block-accordion-heading__toggle-icon\" aria-hidden=\"true\">+<\/span><\/button><\/h3>\n\n\n\n<div inert aria-labelledby=\"accordion-item-1\" data-wp-bind--inert=\"!state.isOpen\" id=\"accordion-item-1-panel\" role=\"region\" class=\"wp-block-accordion-panel is-layout-flow wp-block-accordion-panel-is-layout-flow\">\n<p>Nous construisons une <strong><mark style=\"background-color:rgba(0, 0, 0, 0)\" class=\"has-inline-color has-custom-vert-2-color\">relation durable<\/mark><\/strong> avec nos clients : \u00e9changes r\u00e9guliers,<br>conseils personnalis\u00e9s,<br>suivi proactif,<br>intervention rapide,<br>am\u00e9lioration continue des installations.<br>Eneosys se positionne comme un\u00a0<strong><mark style=\"background-color:rgba(0, 0, 0, 0)\" class=\"has-inline-color has-custom-vert-2-color\">partenaire technique de confiance<\/mark><\/strong>, capable d&rsquo;anticiper les besoins et de garantir la continuit\u00e9 d\u2019exploitation.<\/p>\n<\/div>\n<\/div>\n<\/div>\n\n\n\n<div data-wp-context=\"{ &quot;autoclose&quot;: false, &quot;accordionItems&quot;: [] }\" data-wp-interactive=\"core\/accordion\" role=\"group\" class=\"wp-block-accordion is-layout-flow wp-block-accordion-is-layout-flow\">\n<div data-wp-class--is-open=\"state.isOpen\" data-wp-context=\"{ &quot;id&quot;: &quot;accordion-item-2&quot;, &quot;openByDefault&quot;: false }\" data-wp-init=\"callbacks.initAccordionItems\" data-wp-on-window--hashchange=\"callbacks.hashChange\" class=\"wp-block-accordion-item is-layout-flow wp-block-accordion-item-is-layout-flow\">\n<h3 class=\"wp-block-accordion-heading\"><button aria-expanded=\"false\" aria-controls=\"accordion-item-2-panel\" data-wp-bind--aria-expanded=\"state.isOpen\" data-wp-on--click=\"actions.toggle\" data-wp-on--keydown=\"actions.handleKeyDown\" id=\"accordion-item-2\" type=\"button\" class=\"wp-block-accordion-heading__toggle\"><span class=\"wp-block-accordion-heading__toggle-title\">Transition \u00e9nerg\u00e9tique ma\u00eetris\u00e9e<\/span><span class=\"wp-block-accordion-heading__toggle-icon\" aria-hidden=\"true\">+<\/span><\/button><\/h3>\n\n\n\n<div inert aria-labelledby=\"accordion-item-2\" data-wp-bind--inert=\"!state.isOpen\" id=\"accordion-item-2-panel\" role=\"region\" class=\"wp-block-accordion-panel is-layout-flow wp-block-accordion-panel-is-layout-flow\">\n<p>Nous aidons nos clients \u00e0 r\u00e9duire leurs consommations, respecter les r\u00e9glementations, am\u00e9liorer le confort des usagers et optimiser l\u2019exploitation de leurs b\u00e2timents.<\/p>\n<\/div>\n<\/div>\n<\/div>\n\n\n\n<div data-wp-context=\"{ &quot;autoclose&quot;: false, &quot;accordionItems&quot;: [] }\" data-wp-interactive=\"core\/accordion\" role=\"group\" class=\"wp-block-accordion is-layout-flow wp-block-accordion-is-layout-flow\">\n<div data-wp-class--is-open=\"state.isOpen\" data-wp-context=\"{ &quot;id&quot;: &quot;accordion-item-3&quot;, &quot;openByDefault&quot;: false }\" data-wp-init=\"callbacks.initAccordionItems\" data-wp-on-window--hashchange=\"callbacks.hashChange\" class=\"wp-block-accordion-item is-layout-flow wp-block-accordion-item-is-layout-flow\">\n<h3 class=\"wp-block-accordion-heading\"><button aria-expanded=\"false\" aria-controls=\"accordion-item-3-panel\" data-wp-bind--aria-expanded=\"state.isOpen\" data-wp-on--click=\"actions.toggle\" data-wp-on--keydown=\"actions.handleKeyDown\" id=\"accordion-item-3\" type=\"button\" class=\"wp-block-accordion-heading__toggle\"><span class=\"wp-block-accordion-heading__toggle-title\">Sobri\u00e9t\u00e9 technique<\/span><span class=\"wp-block-accordion-heading__toggle-icon\" aria-hidden=\"true\">+<\/span><\/button><\/h3>\n\n\n\n<div inert aria-labelledby=\"accordion-item-3\" data-wp-bind--inert=\"!state.isOpen\" id=\"accordion-item-3-panel\" role=\"region\" class=\"wp-block-accordion-panel is-layout-flow wp-block-accordion-panel-is-layout-flow\">\n<p>Gr\u00e2ce \u00e0 notre expertise en interop\u00e9rabilit\u00e9, nous&nbsp;<strong>conservons et int\u00e9grons les syst\u00e8mes d\u00e9j\u00e0 en place<\/strong>, \u00e9vitant des investissements inutiles et favorisant la sobri\u00e9t\u00e9 technique.<\/p>\n<\/div>\n<\/div>\n<\/div>\n\n\n\n<div class=\"blockart-section blockart-section-c3cb5e92\"><div class=\"blockart-container\"><div class=\"blockart-section-inner\">\n<div class=\"blockart-column blockart-column-bb7edbec\"><div class=\"blockart-column-inner\">\n<figure class=\"wp-block-pullquote\"><blockquote><p>Avec Eneosys, nos clients b\u00e9n\u00e9ficient d&rsquo;un partenaire unique pour :<br>r\u00e9duire leurs consommations et leurs co\u00fbts d\u2019exploitation<br>am\u00e9liorer le confort des occupants<br>valoriser leurs \u00e9quipements existants<br>respecter les obligations r\u00e9glementaires<br>simplifier l\u2019exploitation de leurs b\u00e2timents<br>b\u00e9n\u00e9ficier d\u2019un\u00a0accompagnement humain, r\u00e9actif et durable<br><strong><mark style=\"background-color:rgba(0, 0, 0, 0)\" class=\"has-inline-color has-custom-vert-2-color\">Eneosys : la technologie ouverte au service de votre performance \u00e9nerg\u00e9tique<\/mark><\/strong><\/p><\/blockquote><\/figure>\n<\/div><\/div>\n<\/div><\/div><\/div>\n","protected":false},"excerpt":{"rendered":"<p>&nbsp;<\/p>\n","protected":false},"author":2,"featured_media":0,"parent":0,"menu_order":0,"comment_status":"closed","ping_status":"closed","template":"","meta":{"footnotes":""},"class_list":["post-39","page","type-page","status-publish","hentry"],"_links":{"self":[{"href":"http:\/\/rmdgconsulting.fr\/index.php?rest_route=\/wp\/v2\/pages\/39","targetHints":{"allow":["GET"]}}],"collection":[{"href":"http:\/\/rmdgconsulting.fr\/index.php?rest_route=\/wp\/v2\/pages"}],"about":[{"href":"http:\/\/rmdgconsulting.fr\/index.php?rest_route=\/wp\/v2\/types\/page"}],"author":[{"embeddable":true,"href":"http:\/\/rmdgconsulting.fr\/index.php?rest_route=\/wp\/v2\/users\/2"}],"replies":[{"embeddable":true,"href":"http:\/\/rmdgconsulting.fr\/index.php?rest_route=%2Fwp%2Fv2%2Fcomments&post=39"}],"version-history":[{"count":9,"href":"http:\/\/rmdgconsulting.fr\/index.php?rest_route=\/wp\/v2\/pages\/39\/revisions"}],"predecessor-version":[{"id":122,"href":"http:\/\/rmdgconsulting.fr\/index.php?rest_route=\/wp\/v2\/pages\/39\/revisions\/122"}],"wp:attachment":[{"href":"http:\/\/rmdgconsulting.fr\/index.php?rest_route=%2Fwp%2Fv2%2Fmedia&parent=39"}],"curies":[{"name":"wp","href":"https:\/\/api.w.org\/{rel}","templated":true}]}}