{"id":45,"date":"2026-02-07T16:17:18","date_gmt":"2026-02-07T16:17:18","guid":{"rendered":"http:\/\/rmdgconsulting.fr\/?page_id=45"},"modified":"2026-02-19T09:56:02","modified_gmt":"2026-02-19T09:56:02","slug":"test","status":"publish","type":"page","link":"http:\/\/rmdgconsulting.fr\/?page_id=45","title":{"rendered":"NOS SOLUTIONS"},"content":{"rendered":"\n<div class=\"blockart-slider blockart-slider-17b4814c\"><div class=\"splide\"><div class=\"splide__track\"><ul class=\"splide__list\">\n<li class=\"blockart-slide blockart-slide-96d053ba splide__slide\">\n<p class=\"blockart-paragraph blockart-paragraph-2b94cd29\"><mark style=\"background-color:rgba(0, 0, 0, 0)\" class=\"has-inline-color has-custom-vert-2-color\"><strong>L&rsquo;interop\u00e9rabilit\u00e9 au c\u0153ur de notre ADN:<br><\/strong><\/mark>Nous travaillons exclusivement avec des\u00a0<strong>protocoles ouverts<\/strong>, <br>garantissant \u00e9volutivit\u00e9 et ind\u00e9pendance vis\u2011\u00e0\u2011vis des constructeurs :<br><strong>R\u00e9seaux de terrain<\/strong><br>Modbus IP\/RS485 \u00b7 BACnet IP\/MSTP \u00b7 KNX \u00b7 M-Bus \u00b7 DALI \u00b7 CANbus \u00b7 LonWorks<br><strong>R\u00e9seaux sans fil<\/strong><br>LoRa \u00b7 Zigbee \u00b7 Z-Wave \u00b7 QWave \u00b7 MQTT<br><strong>R\u00e9seaux IP<\/strong><br>Int\u00e9gration native aux r\u00e9seaux existants des b\u00e2timents<\/p>\n<\/li>\n\n\n\n<li class=\"blockart-slide blockart-slide-2c35b84a splide__slide\">\n<p class=\"blockart-paragraph blockart-paragraph-9173b8b3\"><mark style=\"background-color:rgba(0, 0, 0, 0)\" class=\"has-inline-color has-custom-vert-2-color\"><strong>Codesys : un environnement de d\u00e9veloppement ouvert et puissant<\/strong><br><\/mark>Eneosys base ses d\u00e9veloppements automates sur\u00a0<strong>Codesys<\/strong>, un environnement de programmation <br><strong>ouvert<\/strong>, ind\u00e9pendant de tout constructeur, <strong>multinorme (IEC 61131-3)<\/strong>,<br><strong>compatible avec une tr\u00e8s large gamme d\u2019automates du march\u00e9<\/strong>,<br>id\u00e9al pour d\u00e9velopper des applications d\u2019automatisme\u00a0<strong>p\u00e9rennes, \u00e9volutives et partageables<\/strong><br>garantissant une\u00a0<strong>maintenance simplifi\u00e9e<\/strong>\u00a0et une\u00a0<strong>r\u00e9versibilit\u00e9 totale<\/strong>.<br>Nous cr\u00e9ons des applications fiables, modulaires et adapt\u00e9es aux besoins de chaque client, <br>sans verrouillage technologique.<\/p>\n<\/li>\n\n\n\n<li class=\"blockart-slide blockart-slide-6d42e320 splide__slide\">\n<p class=\"blockart-paragraph blockart-paragraph-fad16d7d\"><strong><mark style=\"background-color:rgba(0, 0, 0, 0)\" class=\"has-inline-color has-custom-vert-2-color\">\u00c9quipements et infrastructures<br><\/mark><\/strong>Capteurs, actionneurs, IoT<br>Compteurs d\u2019\u00e9nergie<br>Automates<br>Passerelles multi-protocoles<br>Supervision mono ou multi-site : <br>GTC <br>GTB <br>Hypervision<br> EMS <br>GMAO<\/p>\n<\/li>\n\n\n\n<li class=\"blockart-slide blockart-slide-fe409343 splide__slide\">\n<p class=\"blockart-paragraph blockart-paragraph-dfdb89b6\"><strong><mark style=\"background-color:rgba(0, 0, 0, 0)\" class=\"has-inline-color has-custom-vert-2-color\">Solutions pr\u00eates \u00e0 l\u2019emploi<br><\/mark>Domotique r\u00e9sidentielle<\/strong>\u00a0(Energeasy)<br><strong>GTB Light\u00a0<\/strong>(Smart &amp; Connectivit\u00e9) : <br>Cloud, capteurs sans-fil, sc\u00e9narios intelligents, EMS Open-ready<br><strong>GTB Standard<\/strong>\u00a0(doGate ABB) : supervision locale multi-protocoles<br><strong>GTB Cloud<\/strong>\u00a0(Scorp-io) : supervision cloud, protocoles ouverts, API <br>(PMS \/ m\u00e9t\u00e9o \/ effacement \/ compteurs concessionnaires, \u2026)<br><strong>EMS\u00a0<\/strong>(Open) : gestion \u00e9nerg\u00e9tique cloud<br>\u00b7\u00a0\u00a0\u00a0\u00a0\u00a0\u00a0\u00a0<strong>GMAO\u00a0<\/strong>(Dimo Maint)<\/p>\n<\/li>\n\n\n\n<li class=\"blockart-slide blockart-slide-69f5ceea splide__slide\">\n<figure class=\"wp-block-image aligncenter size-large\"><img loading=\"lazy\" decoding=\"async\" width=\"1024\" height=\"252\" src=\"http:\/\/rmdgconsulting.fr\/wp-content\/uploads\/2026\/02\/Logo-Eneosys-Horizontal-1-2-1024x252.png\" alt=\"\" class=\"wp-image-76\" srcset=\"http:\/\/rmdgconsulting.fr\/wp-content\/uploads\/2026\/02\/Logo-Eneosys-Horizontal-1-2-1024x252.png 1024w, http:\/\/rmdgconsulting.fr\/wp-content\/uploads\/2026\/02\/Logo-Eneosys-Horizontal-1-2-300x74.png 300w, http:\/\/rmdgconsulting.fr\/wp-content\/uploads\/2026\/02\/Logo-Eneosys-Horizontal-1-2-768x189.png 768w, http:\/\/rmdgconsulting.fr\/wp-content\/uploads\/2026\/02\/Logo-Eneosys-Horizontal-1-2-1536x378.png 1536w, http:\/\/rmdgconsulting.fr\/wp-content\/uploads\/2026\/02\/Logo-Eneosys-Horizontal-1-2.png 1865w\" sizes=\"auto, (max-width: 1024px) 100vw, 1024px\" \/><\/figure>\n<\/li>\n<\/ul><\/div><div class=\"splide__arrows\"><div role=\"button\" tabindex=\"0\" class=\"splide__arrow splide__arrow--prev\"><svg xmlns=\"http:\/\/www.w3.org\/2000\/svg\" viewBox=\"0 0 40 40\" width=\"40\" height=\"40\" focusable=\"false\"><path d=\"m15.5 0.932-4.3 4.38 14.5 14.6-14.5 14.5 4.3 4.4 14.6-14.6 4.4-4.3-4.4-4.4-14.6-14.6z\"><\/path><\/svg><\/div><div role=\"button\" tabindex=\"0\" class=\"splide__arrow splide__arrow--next\"><svg xmlns=\"http:\/\/www.w3.org\/2000\/svg\" viewBox=\"0 0 40 40\" width=\"40\" height=\"40\" focusable=\"false\"><path d=\"m15.5 0.932-4.3 4.38 14.5 14.6-14.5 14.5 4.3 4.4 14.6-14.6 4.4-4.3-4.4-4.4-14.6-14.6z\"><\/path><\/svg><\/div><\/div><\/div><\/div>\n","protected":false},"excerpt":{"rendered":"","protected":false},"author":2,"featured_media":0,"parent":0,"menu_order":0,"comment_status":"closed","ping_status":"closed","template":"","meta":{"footnotes":""},"class_list":["post-45","page","type-page","status-publish","hentry"],"_links":{"self":[{"href":"http:\/\/rmdgconsulting.fr\/index.php?rest_route=\/wp\/v2\/pages\/45","targetHints":{"allow":["GET"]}}],"collection":[{"href":"http:\/\/rmdgconsulting.fr\/index.php?rest_route=\/wp\/v2\/pages"}],"about":[{"href":"http:\/\/rmdgconsulting.fr\/index.php?rest_route=\/wp\/v2\/types\/page"}],"author":[{"embeddable":true,"href":"http:\/\/rmdgconsulting.fr\/index.php?rest_route=\/wp\/v2\/users\/2"}],"replies":[{"embeddable":true,"href":"http:\/\/rmdgconsulting.fr\/index.php?rest_route=%2Fwp%2Fv2%2Fcomments&post=45"}],"version-history":[{"count":14,"href":"http:\/\/rmdgconsulting.fr\/index.php?rest_route=\/wp\/v2\/pages\/45\/revisions"}],"predecessor-version":[{"id":142,"href":"http:\/\/rmdgconsulting.fr\/index.php?rest_route=\/wp\/v2\/pages\/45\/revisions\/142"}],"wp:attachment":[{"href":"http:\/\/rmdgconsulting.fr\/index.php?rest_route=%2Fwp%2Fv2%2Fmedia&parent=45"}],"curies":[{"name":"wp","href":"https:\/\/api.w.org\/{rel}","templated":true}]}}