{"id":52,"date":"2026-02-07T16:20:04","date_gmt":"2026-02-07T16:20:04","guid":{"rendered":"http:\/\/rmdgconsulting.fr\/?page_id=52"},"modified":"2026-02-17T13:59:18","modified_gmt":"2026-02-17T13:59:18","slug":"legislation","status":"publish","type":"page","link":"http:\/\/rmdgconsulting.fr\/?page_id=52","title":{"rendered":"LEGISLATION"},"content":{"rendered":"\n<p>D\u00e9cret Tertiaire<br>Suivi et analyse : piloter les tendances et atteindre les objectifs.<br>GTB Factory met \u00e0 disposition un outil de visualisation et de calcul permettant de mesurer la consommation des \u00e9tablissements et d\u2019assurer le suivi des<br>objectifs du d\u00e9cret tertiaire. Con\u00e7u sur mesure, il s\u2019adapte aux besoins sp\u00e9cifiques des principaux acteurs du secteur h\u00f4telier.<br>R\u00e9duction de la consommation de 20 % \u00e0 30 % : un pilotage intelligent et autonome.<br>Gr\u00e2ce \u00e0 un pilotage automatique intelligent, les \u00e9tablissements g\u00e9r\u00e9s par GTB Factory r\u00e9duisent leur consommation \u00e9lectrique finale de 20 % \u00e0 30 %. <\/p>\n\n\n\n<p>Ce syst\u00e8me autonome optimise les consignes \u00e9nerg\u00e9tiques, offrant une solution efficace et \u00e0 fort impact pour atteindre les objectifs du D\u00e9cret Tertiaire.<\/p>\n","protected":false},"excerpt":{"rendered":"<p>D\u00e9cret TertiaireSuivi et analyse : piloter les tendances et atteindre les objectifs.GTB Factory met \u00e0 disposition un outil de visualisation et de calcul permettant de mesurer la consommation des \u00e9tablissements et d\u2019assurer le suivi desobjectifs du d\u00e9cret tertiaire. Con\u00e7u sur mesure, il s\u2019adapte aux besoins sp\u00e9cifiques des principaux acteurs du secteur h\u00f4telier.R\u00e9duction de la consommation [&hellip;]<\/p>\n","protected":false},"author":2,"featured_media":0,"parent":0,"menu_order":4,"comment_status":"closed","ping_status":"closed","template":"","meta":{"footnotes":""},"class_list":["post-52","page","type-page","status-publish","hentry"],"_links":{"self":[{"href":"http:\/\/rmdgconsulting.fr\/index.php?rest_route=\/wp\/v2\/pages\/52","targetHints":{"allow":["GET"]}}],"collection":[{"href":"http:\/\/rmdgconsulting.fr\/index.php?rest_route=\/wp\/v2\/pages"}],"about":[{"href":"http:\/\/rmdgconsulting.fr\/index.php?rest_route=\/wp\/v2\/types\/page"}],"author":[{"embeddable":true,"href":"http:\/\/rmdgconsulting.fr\/index.php?rest_route=\/wp\/v2\/users\/2"}],"replies":[{"embeddable":true,"href":"http:\/\/rmdgconsulting.fr\/index.php?rest_route=%2Fwp%2Fv2%2Fcomments&post=52"}],"version-history":[{"count":4,"href":"http:\/\/rmdgconsulting.fr\/index.php?rest_route=\/wp\/v2\/pages\/52\/revisions"}],"predecessor-version":[{"id":110,"href":"http:\/\/rmdgconsulting.fr\/index.php?rest_route=\/wp\/v2\/pages\/52\/revisions\/110"}],"wp:attachment":[{"href":"http:\/\/rmdgconsulting.fr\/index.php?rest_route=%2Fwp%2Fv2%2Fmedia&parent=52"}],"curies":[{"name":"wp","href":"https:\/\/api.w.org\/{rel}","templated":true}]}}